{"id":110615,"date":"2025-05-27T13:20:25","date_gmt":"2025-05-27T13:20:25","guid":{"rendered":"https:\/\/maintestdev.windsorbrokers.com\/?page_id=110615"},"modified":"2025-08-05T12:14:25","modified_gmt":"2025-08-05T12:14:25","slug":"cfd-glossary","status":"publish","type":"page","link":"https:\/\/maintestdev.windsorbrokers.com\/vi\/tools\/education\/cfd-glossary\/","title":{"rendered":"Glossary"},"content":{"rendered":"\t\t<div data-elementor-type=\"wp-page\" data-elementor-id=\"110615\" class=\"elementor elementor-110615 elementor-70074\" data-elementor-settings=\"{&quot;element_pack_global_tooltip_width&quot;:{&quot;unit&quot;:&quot;px&quot;,&quot;size&quot;:&quot;&quot;,&quot;sizes&quot;:[]},&quot;element_pack_global_tooltip_width_widescreen&quot;:{&quot;unit&quot;:&quot;px&quot;,&quot;size&quot;:&quot;&quot;,&quot;sizes&quot;:[]},&quot;element_pack_global_tooltip_width_laptop&quot;:{&quot;unit&quot;:&quot;px&quot;,&quot;size&quot;:&quot;&quot;,&quot;sizes&quot;:[]},&quot;element_pack_global_tooltip_width_tablet&quot;:{&quot;unit&quot;:&quot;px&quot;,&quot;size&quot;:&quot;&quot;,&quot;sizes&quot;:[]},&quot;element_pack_global_tooltip_width_mobile&quot;:{&quot;unit&quot;:&quot;px&quot;,&quot;size&quot;:&quot;&quot;,&quot;sizes&quot;:[]},&quot;element_pack_global_tooltip_padding&quot;:{&quot;unit&quot;:&quot;px&quot;,&quot;top&quot;:&quot;&quot;,&quot;right&quot;:&quot;&quot;,&quot;bottom&quot;:&quot;&quot;,&quot;left&quot;:&quot;&quot;,&quot;isLinked&quot;:true},&quot;element_pack_global_tooltip_padding_widescreen&quot;:{&quot;unit&quot;:&quot;px&quot;,&quot;top&quot;:&quot;&quot;,&quot;right&quot;:&quot;&quot;,&quot;bottom&quot;:&quot;&quot;,&quot;left&quot;:&quot;&quot;,&quot;isLinked&quot;:true},&quot;element_pack_global_tooltip_padding_laptop&quot;:{&quot;unit&quot;:&quot;px&quot;,&quot;top&quot;:&quot;&quot;,&quot;right&quot;:&quot;&quot;,&quot;bottom&quot;:&quot;&quot;,&quot;left&quot;:&quot;&quot;,&quot;isLinked&quot;:true},&quot;element_pack_global_tooltip_padding_tablet&quot;:{&quot;unit&quot;:&quot;px&quot;,&quot;top&quot;:&quot;&quot;,&quot;right&quot;:&quot;&quot;,&quot;bottom&quot;:&quot;&quot;,&quot;left&quot;:&quot;&quot;,&quot;isLinked&quot;:true},&quot;element_pack_global_tooltip_padding_mobile&quot;:{&quot;unit&quot;:&quot;px&quot;,&quot;top&quot;:&quot;&quot;,&quot;right&quot;:&quot;&quot;,&quot;bottom&quot;:&quot;&quot;,&quot;left&quot;:&quot;&quot;,&quot;isLinked&quot;:true},&quot;element_pack_global_tooltip_border_radius&quot;:{&quot;unit&quot;:&quot;px&quot;,&quot;top&quot;:&quot;&quot;,&quot;right&quot;:&quot;&quot;,&quot;bottom&quot;:&quot;&quot;,&quot;left&quot;:&quot;&quot;,&quot;isLinked&quot;:true},&quot;element_pack_global_tooltip_border_radius_widescreen&quot;:{&quot;unit&quot;:&quot;px&quot;,&quot;top&quot;:&quot;&quot;,&quot;right&quot;:&quot;&quot;,&quot;bottom&quot;:&quot;&quot;,&quot;left&quot;:&quot;&quot;,&quot;isLinked&quot;:true},&quot;element_pack_global_tooltip_border_radius_laptop&quot;:{&quot;unit&quot;:&quot;px&quot;,&quot;top&quot;:&quot;&quot;,&quot;right&quot;:&quot;&quot;,&quot;bottom&quot;:&quot;&quot;,&quot;left&quot;:&quot;&quot;,&quot;isLinked&quot;:true},&quot;element_pack_global_tooltip_border_radius_tablet&quot;:{&quot;unit&quot;:&quot;px&quot;,&quot;top&quot;:&quot;&quot;,&quot;right&quot;:&quot;&quot;,&quot;bottom&quot;:&quot;&quot;,&quot;left&quot;:&quot;&quot;,&quot;isLinked&quot;:true},&quot;element_pack_global_tooltip_border_radius_mobile&quot;:{&quot;unit&quot;:&quot;px&quot;,&quot;top&quot;:&quot;&quot;,&quot;right&quot;:&quot;&quot;,&quot;bottom&quot;:&quot;&quot;,&quot;left&quot;:&quot;&quot;,&quot;isLinked&quot;:true}}\" data-elementor-post-type=\"page\">\n\t\t\t\t\t\t<section class=\"elementor-section elementor-top-section elementor-element elementor-element-fcc0710 elementor-section-boxed elementor-section-height-default elementor-section-height-default\" data-id=\"fcc0710\" data-element_type=\"section\" data-e-type=\"section\">\n\t\t\t\t\t\t<div class=\"elementor-container elementor-column-gap-default\">\n\t\t\t\t\t<div class=\"elementor-column elementor-col-100 elementor-top-column elementor-element elementor-element-625ef56\" data-id=\"625ef56\" data-element_type=\"column\" data-e-type=\"column\">\n\t\t\t<div class=\"elementor-widget-wrap elementor-element-populated\">\n\t\t\t\t\t\t<div class=\"elementor-element elementor-element-6139bbb elementor-widget elementor-widget-heading\" data-id=\"6139bbb\" data-element_type=\"widget\" data-e-type=\"widget\" data-widget_type=\"heading.default\">\n\t\t\t\t<div class=\"elementor-widget-container\">\n\t\t\t\t\t<h2 class=\"elementor-heading-title elementor-size-default\">T\u1eeb \u0111i\u1ec3n Giao D\u1ecbch c\u1ee7a B\u1ea1n<\/h2>\t\t\t\t<\/div>\n\t\t\t\t<\/div>\n\t\t\t\t<div class=\"elementor-element elementor-element-b7072f3 elementor-widget elementor-widget-text-editor\" data-id=\"b7072f3\" data-element_type=\"widget\" data-e-type=\"widget\" data-widget_type=\"text-editor.default\">\n\t\t\t\t<div class=\"elementor-widget-container\">\n\t\t\t\t\t\t\t\t\tM\u1edf kh\u00f3a ng\u00f4n ng\u1eef c\u1ee7a th\u1ecb tr\u01b0\u1eddng t\u00e0i ch\u00ednh v\u1edbi b\u1ed9 thu\u1eadt ng\u1eef to\u00e0n di\u1ec7n c\u1ee7a ch\u00fang t\u00f4i. D\u00f9 b\u1ea1n l\u00e0 ng\u01b0\u1eddi m\u1edbi b\u1eaft \u0111\u1ea7u hay \u0111ang mu\u1ed1n n\u00e2ng cao ki\u1ebfn th\u1ee9c, b\u1ed9 thu\u1eadt ng\u1eef n\u00e0y s\u1ebd gi\u00fap b\u1ea1n \u0111\u01a1n gi\u1ea3n h\u00f3a c\u00e1c kh\u00e1i ni\u1ec7m v\u00e0 thu\u1eadt ng\u1eef giao d\u1ecbch ph\u1ee9c t\u1ea1p.\t\t\t\t\t\t\t\t<\/div>\n\t\t\t\t<\/div>\n\t\t\t\t\t<\/div>\n\t\t<\/div>\n\t\t\t\t\t<\/div>\n\t\t<\/section>\n\t\t\t\t<section class=\"elementor-section elementor-top-section elementor-element elementor-element-ba6e3c2 elementor-section-boxed elementor-section-height-default elementor-section-height-default\" data-id=\"ba6e3c2\" data-element_type=\"section\" data-e-type=\"section\">\n\t\t\t\t\t\t<div class=\"elementor-container elementor-column-gap-default\">\n\t\t\t\t\t<div class=\"elementor-column elementor-col-100 elementor-top-column elementor-element elementor-element-070a7e4\" data-id=\"070a7e4\" data-element_type=\"column\" data-e-type=\"column\">\n\t\t\t<div class=\"elementor-widget-wrap elementor-element-populated\">\n\t\t\t\t\t\t<div class=\"elementor-element elementor-element-836bf9b elementor-widget elementor-widget-html\" data-id=\"836bf9b\" data-element_type=\"widget\" data-e-type=\"widget\" data-widget_type=\"html.default\">\n\t\t\t\t<div class=\"elementor-widget-container\">\n\t\t\t\t\t<script\r\n          page=\"glossary\"\r\n          bearer=\"$2y$10$j9WtVqa2SeGlNDF9TSmoRep7YlMG8zyq5vbluF7GUWE9UtAn248va\"\r\n          xDomain=\" yVJ1YquCcFBzaf \"\r\n          xLevel=\"locked\"\r\n          xLang=\"vi\"\r\n          src=\"https:\/\/scripts-integration.terl3.com\/single-page.js\"\r\n><\/script>\t\t\t\t<\/div>\n\t\t\t\t<\/div>\n\t\t\t\t\t<\/div>\n\t\t<\/div>\n\t\t\t\t\t<\/div>\n\t\t<\/section>\n\t\t\t\t<\/div>\n\t\t","protected":false},"excerpt":{"rendered":"<p>T\u1eeb \u0111i\u1ec3n Giao D\u1ecbch c\u1ee7a B\u1ea1n M\u1edf kh\u00f3a ng\u00f4n ng\u1eef c\u1ee7a th\u1ecb tr\u01b0\u1eddng t\u00e0i ch\u00ednh v\u1edbi b\u1ed9 thu\u1eadt ng\u1eef to\u00e0n di\u1ec7n c\u1ee7a ch\u00fang t\u00f4i. D\u00f9 b\u1ea1n l\u00e0 ng\u01b0\u1eddi m\u1edbi b\u1eaft \u0111\u1ea7u hay \u0111ang mu\u1ed1n n\u00e2ng cao ki\u1ebfn th\u1ee9c, b\u1ed9 thu\u1eadt ng\u1eef n\u00e0y s\u1ebd gi\u00fap b\u1ea1n \u0111\u01a1n gi\u1ea3n h\u00f3a c\u00e1c kh\u00e1i ni\u1ec7m v\u00e0 thu\u1eadt ng\u1eef giao [&hellip;]<\/p>\n","protected":false},"author":9,"featured_media":105340,"parent":113273,"menu_order":0,"comment_status":"closed","ping_status":"closed","template":"elementor_header_footer","meta":{"footnotes":""},"class_list":["post-110615","page","type-page","status-publish","has-post-thumbnail","hentry"],"yoast_head":"<!-- This site is optimized with the Yoast SEO plugin v27.3 - https:\/\/yoast.com\/product\/yoast-seo-wordpress\/ -->\n<title>Thu\u1eadt Ng\u1eef Giao D\u1ecbch | Windsor Brokers<\/title>\n<meta name=\"description\" content=\"Hi\u1ec3u r\u00f5 c\u00e1c thu\u1eadt ng\u1eef giao d\u1ecbch v\u1edbi B\u1ed9 Thu\u1eadt Ng\u1eef c\u1ee7a WB. \u0110\u01a1n gi\u1ea3n h\u00f3a c\u00e1c kh\u00e1i ni\u1ec7m t\u00e0i ch\u00ednh ph\u1ee9c t\u1ea1p v\u00e0 l\u00e0m ch\u1ee7 ng\u00f4n ng\u1eef c\u1ee7a th\u1ecb tr\u01b0\u1eddng.\" \/>\n<meta name=\"robots\" content=\"index, follow, max-snippet:-1, max-image-preview:large, max-video-preview:-1\" \/>\n<meta property=\"og:locale\" content=\"vi_VN\" \/>\n<meta property=\"og:type\" content=\"article\" \/>\n<meta property=\"og:title\" content=\"Thu\u1eadt Ng\u1eef Giao D\u1ecbch | Windsor Brokers\" \/>\n<meta property=\"og:description\" content=\"Hi\u1ec3u r\u00f5 c\u00e1c thu\u1eadt ng\u1eef giao d\u1ecbch v\u1edbi B\u1ed9 Thu\u1eadt Ng\u1eef c\u1ee7a WB. \u0110\u01a1n gi\u1ea3n h\u00f3a c\u00e1c kh\u00e1i ni\u1ec7m t\u00e0i ch\u00ednh ph\u1ee9c t\u1ea1p v\u00e0 l\u00e0m ch\u1ee7 ng\u00f4n ng\u1eef c\u1ee7a th\u1ecb tr\u01b0\u1eddng.\" \/>\n<meta property=\"og:url\" content=\"https:\/\/maintestdev.windsorbrokers.com\/vi\/cfd-glossary\/\" \/>\n<meta property=\"og:site_name\" content=\"CFDs on FX, Stocks &amp; More\" \/>\n<meta property=\"article:modified_time\" content=\"2025-08-05T12:14:25+00:00\" \/>\n<meta property=\"og:image\" content=\"https:\/\/maintestdev.windsorbrokers.com\/wp-content\/uploads\/2025\/07\/Feature-Image-1.png\" \/>\n<meta name=\"twitter:card\" content=\"summary_large_image\" \/>\n<meta name=\"twitter:image\" content=\"https:\/\/maintestdev.windsorbrokers.com\/wp-content\/uploads\/2025\/07\/Feature-Image-1.png\" \/>\n<meta name=\"twitter:label1\" content=\"Est. reading time\" \/>\n\t<meta name=\"twitter:data1\" content=\"1 minute\" \/>\n<script type=\"application\/ld+json\" class=\"yoast-schema-graph\">{\"@context\":\"https:\\\/\\\/schema.org\",\"@graph\":[{\"@type\":\"WebPage\",\"@id\":\"https:\\\/\\\/maintestdev.windsorbrokers.com\\\/vi\\\/cfd-glossary\\\/\",\"url\":\"https:\\\/\\\/maintestdev.windsorbrokers.com\\\/vi\\\/cfd-glossary\\\/\",\"name\":\"Thu\u1eadt Ng\u1eef Giao D\u1ecbch | Windsor Brokers\",\"isPartOf\":{\"@id\":\"https:\\\/\\\/maintestdev.windsorbrokers.com\\\/#website\"},\"primaryImageOfPage\":{\"@id\":\"https:\\\/\\\/maintestdev.windsorbrokers.com\\\/vi\\\/cfd-glossary\\\/#primaryimage\"},\"image\":{\"@id\":\"https:\\\/\\\/maintestdev.windsorbrokers.com\\\/vi\\\/cfd-glossary\\\/#primaryimage\"},\"thumbnailUrl\":\"https:\\\/\\\/maintestdev.windsorbrokers.com\\\/wp-content\\\/uploads\\\/2025\\\/07\\\/Feature-Image-1.png\",\"datePublished\":\"2025-05-27T13:20:25+00:00\",\"dateModified\":\"2025-08-05T12:14:25+00:00\",\"description\":\"Hi\u1ec3u r\u00f5 c\u00e1c thu\u1eadt ng\u1eef giao d\u1ecbch v\u1edbi B\u1ed9 Thu\u1eadt Ng\u1eef c\u1ee7a WB. \u0110\u01a1n gi\u1ea3n h\u00f3a c\u00e1c kh\u00e1i ni\u1ec7m t\u00e0i ch\u00ednh ph\u1ee9c t\u1ea1p v\u00e0 l\u00e0m ch\u1ee7 ng\u00f4n ng\u1eef c\u1ee7a th\u1ecb tr\u01b0\u1eddng.\",\"breadcrumb\":{\"@id\":\"https:\\\/\\\/maintestdev.windsorbrokers.com\\\/vi\\\/cfd-glossary\\\/#breadcrumb\"},\"inLanguage\":\"vi-VN\",\"potentialAction\":[{\"@type\":\"ReadAction\",\"target\":[\"https:\\\/\\\/maintestdev.windsorbrokers.com\\\/vi\\\/cfd-glossary\\\/\"]}]},{\"@type\":\"ImageObject\",\"inLanguage\":\"vi-VN\",\"@id\":\"https:\\\/\\\/maintestdev.windsorbrokers.com\\\/vi\\\/cfd-glossary\\\/#primaryimage\",\"url\":\"https:\\\/\\\/maintestdev.windsorbrokers.com\\\/wp-content\\\/uploads\\\/2025\\\/07\\\/Feature-Image-1.png\",\"contentUrl\":\"https:\\\/\\\/maintestdev.windsorbrokers.com\\\/wp-content\\\/uploads\\\/2025\\\/07\\\/Feature-Image-1.png\",\"width\":1200,\"height\":630},{\"@type\":\"BreadcrumbList\",\"@id\":\"https:\\\/\\\/maintestdev.windsorbrokers.com\\\/vi\\\/cfd-glossary\\\/#breadcrumb\",\"itemListElement\":[{\"@type\":\"ListItem\",\"position\":1,\"name\":\"Home\",\"item\":\"https:\\\/\\\/maintestdev.windsorbrokers.com\\\/vi\\\/\"},{\"@type\":\"ListItem\",\"position\":2,\"name\":\"Glossary\"}]},{\"@type\":\"WebSite\",\"@id\":\"https:\\\/\\\/maintestdev.windsorbrokers.com\\\/#website\",\"url\":\"https:\\\/\\\/maintestdev.windsorbrokers.com\\\/\",\"name\":\"CFDs on FX, Stocks & More\",\"description\":\"\",\"publisher\":{\"@id\":\"https:\\\/\\\/maintestdev.windsorbrokers.com\\\/#organization\"},\"potentialAction\":[{\"@type\":\"SearchAction\",\"target\":{\"@type\":\"EntryPoint\",\"urlTemplate\":\"https:\\\/\\\/maintestdev.windsorbrokers.com\\\/?s={search_term_string}\"},\"query-input\":{\"@type\":\"PropertyValueSpecification\",\"valueRequired\":true,\"valueName\":\"search_term_string\"}}],\"inLanguage\":\"vi-VN\"},{\"@type\":\"Organization\",\"@id\":\"https:\\\/\\\/maintestdev.windsorbrokers.com\\\/#organization\",\"name\":\"CFDs on FX, Stocks & More\",\"url\":\"https:\\\/\\\/maintestdev.windsorbrokers.com\\\/\",\"logo\":{\"@type\":\"ImageObject\",\"inLanguage\":\"vi-VN\",\"@id\":\"https:\\\/\\\/maintestdev.windsorbrokers.com\\\/#\\\/schema\\\/logo\\\/image\\\/\",\"url\":\"https:\\\/\\\/maintestdev.windsorbrokers.com\\\/wp-content\\\/uploads\\\/2022\\\/07\\\/WB-icon.png\",\"contentUrl\":\"https:\\\/\\\/maintestdev.windsorbrokers.com\\\/wp-content\\\/uploads\\\/2022\\\/07\\\/WB-icon.png\",\"width\":172,\"height\":116,\"caption\":\"CFDs on FX, Stocks & More\"},\"image\":{\"@id\":\"https:\\\/\\\/maintestdev.windsorbrokers.com\\\/#\\\/schema\\\/logo\\\/image\\\/\"}}]}<\/script>\n<!-- \/ Yoast SEO plugin. -->","yoast_head_json":{"title":"Thu\u1eadt Ng\u1eef Giao D\u1ecbch | Windsor Brokers","description":"Hi\u1ec3u r\u00f5 c\u00e1c thu\u1eadt ng\u1eef giao d\u1ecbch v\u1edbi B\u1ed9 Thu\u1eadt Ng\u1eef c\u1ee7a WB. \u0110\u01a1n gi\u1ea3n h\u00f3a c\u00e1c kh\u00e1i ni\u1ec7m t\u00e0i ch\u00ednh ph\u1ee9c t\u1ea1p v\u00e0 l\u00e0m ch\u1ee7 ng\u00f4n ng\u1eef c\u1ee7a th\u1ecb tr\u01b0\u1eddng.","robots":{"index":"index","follow":"follow","max-snippet":"max-snippet:-1","max-image-preview":"max-image-preview:large","max-video-preview":"max-video-preview:-1"},"og_locale":"vi_VN","og_type":"article","og_title":"Thu\u1eadt Ng\u1eef Giao D\u1ecbch | Windsor Brokers","og_description":"Hi\u1ec3u r\u00f5 c\u00e1c thu\u1eadt ng\u1eef giao d\u1ecbch v\u1edbi B\u1ed9 Thu\u1eadt Ng\u1eef c\u1ee7a WB. \u0110\u01a1n gi\u1ea3n h\u00f3a c\u00e1c kh\u00e1i ni\u1ec7m t\u00e0i ch\u00ednh ph\u1ee9c t\u1ea1p v\u00e0 l\u00e0m ch\u1ee7 ng\u00f4n ng\u1eef c\u1ee7a th\u1ecb tr\u01b0\u1eddng.","og_url":"https:\/\/maintestdev.windsorbrokers.com\/vi\/cfd-glossary\/","og_site_name":"CFDs on FX, Stocks &amp; More","article_modified_time":"2025-08-05T12:14:25+00:00","og_image":[{"url":"https:\/\/maintestdev.windsorbrokers.com\/wp-content\/uploads\/2025\/07\/Feature-Image-1.png","type":"","width":"","height":""}],"twitter_card":"summary_large_image","twitter_image":"https:\/\/maintestdev.windsorbrokers.com\/wp-content\/uploads\/2025\/07\/Feature-Image-1.png","twitter_misc":{"Est. reading time":"1 minute"},"schema":{"@context":"https:\/\/schema.org","@graph":[{"@type":"WebPage","@id":"https:\/\/maintestdev.windsorbrokers.com\/vi\/cfd-glossary\/","url":"https:\/\/maintestdev.windsorbrokers.com\/vi\/cfd-glossary\/","name":"Thu\u1eadt Ng\u1eef Giao D\u1ecbch | Windsor Brokers","isPartOf":{"@id":"https:\/\/maintestdev.windsorbrokers.com\/#website"},"primaryImageOfPage":{"@id":"https:\/\/maintestdev.windsorbrokers.com\/vi\/cfd-glossary\/#primaryimage"},"image":{"@id":"https:\/\/maintestdev.windsorbrokers.com\/vi\/cfd-glossary\/#primaryimage"},"thumbnailUrl":"https:\/\/maintestdev.windsorbrokers.com\/wp-content\/uploads\/2025\/07\/Feature-Image-1.png","datePublished":"2025-05-27T13:20:25+00:00","dateModified":"2025-08-05T12:14:25+00:00","description":"Hi\u1ec3u r\u00f5 c\u00e1c thu\u1eadt ng\u1eef giao d\u1ecbch v\u1edbi B\u1ed9 Thu\u1eadt Ng\u1eef c\u1ee7a WB. \u0110\u01a1n gi\u1ea3n h\u00f3a c\u00e1c kh\u00e1i ni\u1ec7m t\u00e0i ch\u00ednh ph\u1ee9c t\u1ea1p v\u00e0 l\u00e0m ch\u1ee7 ng\u00f4n ng\u1eef c\u1ee7a th\u1ecb tr\u01b0\u1eddng.","breadcrumb":{"@id":"https:\/\/maintestdev.windsorbrokers.com\/vi\/cfd-glossary\/#breadcrumb"},"inLanguage":"vi-VN","potentialAction":[{"@type":"ReadAction","target":["https:\/\/maintestdev.windsorbrokers.com\/vi\/cfd-glossary\/"]}]},{"@type":"ImageObject","inLanguage":"vi-VN","@id":"https:\/\/maintestdev.windsorbrokers.com\/vi\/cfd-glossary\/#primaryimage","url":"https:\/\/maintestdev.windsorbrokers.com\/wp-content\/uploads\/2025\/07\/Feature-Image-1.png","contentUrl":"https:\/\/maintestdev.windsorbrokers.com\/wp-content\/uploads\/2025\/07\/Feature-Image-1.png","width":1200,"height":630},{"@type":"BreadcrumbList","@id":"https:\/\/maintestdev.windsorbrokers.com\/vi\/cfd-glossary\/#breadcrumb","itemListElement":[{"@type":"ListItem","position":1,"name":"Home","item":"https:\/\/maintestdev.windsorbrokers.com\/vi\/"},{"@type":"ListItem","position":2,"name":"Glossary"}]},{"@type":"WebSite","@id":"https:\/\/maintestdev.windsorbrokers.com\/#website","url":"https:\/\/maintestdev.windsorbrokers.com\/","name":"CFDs on FX, Stocks & More","description":"","publisher":{"@id":"https:\/\/maintestdev.windsorbrokers.com\/#organization"},"potentialAction":[{"@type":"SearchAction","target":{"@type":"EntryPoint","urlTemplate":"https:\/\/maintestdev.windsorbrokers.com\/?s={search_term_string}"},"query-input":{"@type":"PropertyValueSpecification","valueRequired":true,"valueName":"search_term_string"}}],"inLanguage":"vi-VN"},{"@type":"Organization","@id":"https:\/\/maintestdev.windsorbrokers.com\/#organization","name":"CFDs on FX, Stocks & More","url":"https:\/\/maintestdev.windsorbrokers.com\/","logo":{"@type":"ImageObject","inLanguage":"vi-VN","@id":"https:\/\/maintestdev.windsorbrokers.com\/#\/schema\/logo\/image\/","url":"https:\/\/maintestdev.windsorbrokers.com\/wp-content\/uploads\/2022\/07\/WB-icon.png","contentUrl":"https:\/\/maintestdev.windsorbrokers.com\/wp-content\/uploads\/2022\/07\/WB-icon.png","width":172,"height":116,"caption":"CFDs on FX, Stocks & More"},"image":{"@id":"https:\/\/maintestdev.windsorbrokers.com\/#\/schema\/logo\/image\/"}}]}},"_links":{"self":[{"href":"https:\/\/maintestdev.windsorbrokers.com\/vi\/wp-json\/wp\/v2\/pages\/110615","targetHints":{"allow":["GET"]}}],"collection":[{"href":"https:\/\/maintestdev.windsorbrokers.com\/vi\/wp-json\/wp\/v2\/pages"}],"about":[{"href":"https:\/\/maintestdev.windsorbrokers.com\/vi\/wp-json\/wp\/v2\/types\/page"}],"author":[{"embeddable":true,"href":"https:\/\/maintestdev.windsorbrokers.com\/vi\/wp-json\/wp\/v2\/users\/9"}],"replies":[{"embeddable":true,"href":"https:\/\/maintestdev.windsorbrokers.com\/vi\/wp-json\/wp\/v2\/comments?post=110615"}],"version-history":[{"count":0,"href":"https:\/\/maintestdev.windsorbrokers.com\/vi\/wp-json\/wp\/v2\/pages\/110615\/revisions"}],"up":[{"embeddable":true,"href":"https:\/\/maintestdev.windsorbrokers.com\/vi\/wp-json\/wp\/v2\/pages\/113273"}],"wp:featuredmedia":[{"embeddable":true,"href":"https:\/\/maintestdev.windsorbrokers.com\/vi\/wp-json\/wp\/v2\/media\/105340"}],"wp:attachment":[{"href":"https:\/\/maintestdev.windsorbrokers.com\/vi\/wp-json\/wp\/v2\/media?parent=110615"}],"curies":[{"name":"wp","href":"https:\/\/api.w.org\/{rel}","templated":true}]}}