{"id":113258,"date":"2025-05-27T14:23:39","date_gmt":"2025-05-27T14:23:39","guid":{"rendered":"https:\/\/maintestdev.windsorbrokers.com\/trading-courses\/"},"modified":"2025-08-11T11:34:39","modified_gmt":"2025-08-11T11:34:39","slug":"trading-courses","status":"publish","type":"page","link":"https:\/\/maintestdev.windsorbrokers.com\/pt-br\/tools\/education\/trading-courses\/","title":{"rendered":"Trading Courses"},"content":{"rendered":"\t\t<div data-elementor-type=\"wp-page\" data-elementor-id=\"113258\" class=\"elementor elementor-113258 elementor-70097\" data-elementor-settings=\"{&quot;element_pack_global_tooltip_width&quot;:{&quot;unit&quot;:&quot;px&quot;,&quot;size&quot;:&quot;&quot;,&quot;sizes&quot;:[]},&quot;element_pack_global_tooltip_width_widescreen&quot;:{&quot;unit&quot;:&quot;px&quot;,&quot;size&quot;:&quot;&quot;,&quot;sizes&quot;:[]},&quot;element_pack_global_tooltip_width_laptop&quot;:{&quot;unit&quot;:&quot;px&quot;,&quot;size&quot;:&quot;&quot;,&quot;sizes&quot;:[]},&quot;element_pack_global_tooltip_width_tablet&quot;:{&quot;unit&quot;:&quot;px&quot;,&quot;size&quot;:&quot;&quot;,&quot;sizes&quot;:[]},&quot;element_pack_global_tooltip_width_mobile&quot;:{&quot;unit&quot;:&quot;px&quot;,&quot;size&quot;:&quot;&quot;,&quot;sizes&quot;:[]},&quot;element_pack_global_tooltip_padding&quot;:{&quot;unit&quot;:&quot;px&quot;,&quot;top&quot;:&quot;&quot;,&quot;right&quot;:&quot;&quot;,&quot;bottom&quot;:&quot;&quot;,&quot;left&quot;:&quot;&quot;,&quot;isLinked&quot;:true},&quot;element_pack_global_tooltip_padding_widescreen&quot;:{&quot;unit&quot;:&quot;px&quot;,&quot;top&quot;:&quot;&quot;,&quot;right&quot;:&quot;&quot;,&quot;bottom&quot;:&quot;&quot;,&quot;left&quot;:&quot;&quot;,&quot;isLinked&quot;:true},&quot;element_pack_global_tooltip_padding_laptop&quot;:{&quot;unit&quot;:&quot;px&quot;,&quot;top&quot;:&quot;&quot;,&quot;right&quot;:&quot;&quot;,&quot;bottom&quot;:&quot;&quot;,&quot;left&quot;:&quot;&quot;,&quot;isLinked&quot;:true},&quot;element_pack_global_tooltip_padding_tablet&quot;:{&quot;unit&quot;:&quot;px&quot;,&quot;top&quot;:&quot;&quot;,&quot;right&quot;:&quot;&quot;,&quot;bottom&quot;:&quot;&quot;,&quot;left&quot;:&quot;&quot;,&quot;isLinked&quot;:true},&quot;element_pack_global_tooltip_padding_mobile&quot;:{&quot;unit&quot;:&quot;px&quot;,&quot;top&quot;:&quot;&quot;,&quot;right&quot;:&quot;&quot;,&quot;bottom&quot;:&quot;&quot;,&quot;left&quot;:&quot;&quot;,&quot;isLinked&quot;:true},&quot;element_pack_global_tooltip_border_radius&quot;:{&quot;unit&quot;:&quot;px&quot;,&quot;top&quot;:&quot;&quot;,&quot;right&quot;:&quot;&quot;,&quot;bottom&quot;:&quot;&quot;,&quot;left&quot;:&quot;&quot;,&quot;isLinked&quot;:true},&quot;element_pack_global_tooltip_border_radius_widescreen&quot;:{&quot;unit&quot;:&quot;px&quot;,&quot;top&quot;:&quot;&quot;,&quot;right&quot;:&quot;&quot;,&quot;bottom&quot;:&quot;&quot;,&quot;left&quot;:&quot;&quot;,&quot;isLinked&quot;:true},&quot;element_pack_global_tooltip_border_radius_laptop&quot;:{&quot;unit&quot;:&quot;px&quot;,&quot;top&quot;:&quot;&quot;,&quot;right&quot;:&quot;&quot;,&quot;bottom&quot;:&quot;&quot;,&quot;left&quot;:&quot;&quot;,&quot;isLinked&quot;:true},&quot;element_pack_global_tooltip_border_radius_tablet&quot;:{&quot;unit&quot;:&quot;px&quot;,&quot;top&quot;:&quot;&quot;,&quot;right&quot;:&quot;&quot;,&quot;bottom&quot;:&quot;&quot;,&quot;left&quot;:&quot;&quot;,&quot;isLinked&quot;:true},&quot;element_pack_global_tooltip_border_radius_mobile&quot;:{&quot;unit&quot;:&quot;px&quot;,&quot;top&quot;:&quot;&quot;,&quot;right&quot;:&quot;&quot;,&quot;bottom&quot;:&quot;&quot;,&quot;left&quot;:&quot;&quot;,&quot;isLinked&quot;:true}}\" data-elementor-post-type=\"page\">\n\t\t\t\t\t\t<section class=\"elementor-section elementor-top-section elementor-element elementor-element-9eba46a elementor-section-boxed elementor-section-height-default elementor-section-height-default\" data-id=\"9eba46a\" data-element_type=\"section\" data-e-type=\"section\">\n\t\t\t\t\t\t<div class=\"elementor-container elementor-column-gap-default\">\n\t\t\t\t\t<div class=\"elementor-column elementor-col-100 elementor-top-column elementor-element elementor-element-8a71c3e\" data-id=\"8a71c3e\" data-element_type=\"column\" data-e-type=\"column\">\n\t\t\t<div class=\"elementor-widget-wrap elementor-element-populated\">\n\t\t\t\t\t\t<div class=\"elementor-element elementor-element-29f9824 elementor-widget elementor-widget-heading\" data-id=\"29f9824\" data-element_type=\"widget\" data-e-type=\"widget\" data-widget_type=\"heading.default\">\n\t\t\t\t<div class=\"elementor-widget-container\">\n\t\t\t\t\t<h2 class=\"elementor-heading-title elementor-size-default\">Negocia\u00e7\u00e3o mais inteligente com cursos\n<br>de negocia\u00e7\u00e3o feitos sob medida<\/h2>\t\t\t\t<\/div>\n\t\t\t\t<\/div>\n\t\t\t\t<div class=\"elementor-element elementor-element-625af99 elementor-widget elementor-widget-text-editor\" data-id=\"625af99\" data-element_type=\"widget\" data-e-type=\"widget\" data-widget_type=\"text-editor.default\">\n\t\t\t\t<div class=\"elementor-widget-container\">\n\t\t\t\t\t\t\t\t\tAprenda a negociar com confian\u00e7a com nossos cursos preparados criteriosamente. Cada m\u00f3dulo foi projetado para desenvolver suas habilidades e para prepar\u00e1-lo para enfrentar os desafios dos mercados financeiros globais.\t\t\t\t\t\t\t\t<\/div>\n\t\t\t\t<\/div>\n\t\t\t\t\t<\/div>\n\t\t<\/div>\n\t\t\t\t\t<\/div>\n\t\t<\/section>\n\t\t\t\t<section class=\"elementor-section elementor-top-section elementor-element elementor-element-65093c7 elementor-section-boxed elementor-section-height-default elementor-section-height-default\" data-id=\"65093c7\" data-element_type=\"section\" data-e-type=\"section\">\n\t\t\t\t\t\t<div class=\"elementor-container elementor-column-gap-default\">\n\t\t\t\t\t<div class=\"elementor-column elementor-col-100 elementor-top-column elementor-element elementor-element-42d6e9e\" data-id=\"42d6e9e\" data-element_type=\"column\" data-e-type=\"column\">\n\t\t\t<div class=\"elementor-widget-wrap elementor-element-populated\">\n\t\t\t\t\t\t<div class=\"elementor-element elementor-element-bd9637b elementor-widget elementor-widget-html\" data-id=\"bd9637b\" data-element_type=\"widget\" data-e-type=\"widget\" data-widget_type=\"html.default\">\n\t\t\t\t<div class=\"elementor-widget-container\">\n\t\t\t\t\t<script\r\n          page=\"courses\"\r\n          bearer=\"$2y$10$j9WtVqa2SeGlNDF9TSmoRep7YlMG8zyq5vbluF7GUWE9UtAn248va\"\r\n          xDomain=\" yVJ1YquCcFBzaf \"\r\n          xLevel=\"locked\"\r\n          xLang=\"pt\"\r\n          src=\"https:\/\/scripts-integration.terl3.com\/single-page.js\"\r\n><\/script>\t\t\t\t<\/div>\n\t\t\t\t<\/div>\n\t\t\t\t\t<\/div>\n\t\t<\/div>\n\t\t\t\t\t<\/div>\n\t\t<\/section>\n\t\t\t\t<\/div>\n\t\t","protected":false},"excerpt":{"rendered":"<p>Negocia\u00e7\u00e3o mais inteligente com cursos de negocia\u00e7\u00e3o feitos sob medida Aprenda a negociar com confian\u00e7a com nossos cursos preparados criteriosamente. Cada m\u00f3dulo foi projetado para desenvolver suas habilidades e para prepar\u00e1-lo para enfrentar os desafios dos mercados financeiros globais.<\/p>\n","protected":false},"author":6,"featured_media":105337,"parent":113270,"menu_order":0,"comment_status":"closed","ping_status":"closed","template":"elementor_header_footer","meta":{"footnotes":""},"class_list":["post-113258","page","type-page","status-publish","has-post-thumbnail","hentry"],"yoast_head":"<!-- This site is optimized with the Yoast SEO plugin v27.3 - https:\/\/yoast.com\/product\/yoast-seo-wordpress\/ -->\n<title>Cursos de Negocia\u00e7\u00e3o | Windsor Brokers<\/title>\n<meta name=\"description\" content=\"Domine as negocia\u00e7\u00f5es com os cursos feitos sob medida pela Windsor Brokers. Desenvolva habilidades, adquira confian\u00e7a e enfrente os mercados globais com a orienta\u00e7\u00e3o de especialistas.\" \/>\n<meta name=\"robots\" content=\"index, follow, max-snippet:-1, max-image-preview:large, max-video-preview:-1\" \/>\n<meta property=\"og:locale\" content=\"pt_BR\" \/>\n<meta property=\"og:type\" content=\"article\" \/>\n<meta property=\"og:title\" content=\"Cursos de Negocia\u00e7\u00e3o | Windsor Brokers\" \/>\n<meta property=\"og:description\" content=\"Domine as negocia\u00e7\u00f5es com os cursos feitos sob medida pela Windsor Brokers. Desenvolva habilidades, adquira confian\u00e7a e enfrente os mercados globais com a orienta\u00e7\u00e3o de especialistas.\" \/>\n<meta property=\"og:url\" content=\"https:\/\/maintestdev.windsorbrokers.com\/pt-br\/trading-courses\/\" \/>\n<meta property=\"og:site_name\" content=\"CFDs on FX, Stocks &amp; More\" \/>\n<meta property=\"article:modified_time\" content=\"2025-08-11T11:34:39+00:00\" \/>\n<meta property=\"og:image\" content=\"https:\/\/maintestdev.windsorbrokers.com\/wp-content\/uploads\/2025\/07\/Feature-Image-1.png\" \/>\n\t<meta property=\"og:image:width\" content=\"1200\" \/>\n\t<meta property=\"og:image:height\" content=\"630\" \/>\n\t<meta property=\"og:image:type\" content=\"image\/png\" \/>\n<meta name=\"twitter:card\" content=\"summary_large_image\" \/>\n<meta name=\"twitter:image\" content=\"https:\/\/maintestdev.windsorbrokers.com\/wp-content\/uploads\/2025\/07\/Feature-Image-1.png\" \/>\n<meta name=\"twitter:label1\" content=\"Est. tempo de leitura\" \/>\n\t<meta name=\"twitter:data1\" content=\"1 minuto\" \/>\n<script type=\"application\/ld+json\" class=\"yoast-schema-graph\">{\"@context\":\"https:\\\/\\\/schema.org\",\"@graph\":[{\"@type\":\"WebPage\",\"@id\":\"https:\\\/\\\/maintestdev.windsorbrokers.com\\\/pt-br\\\/trading-courses\\\/\",\"url\":\"https:\\\/\\\/maintestdev.windsorbrokers.com\\\/pt-br\\\/trading-courses\\\/\",\"name\":\"Cursos de Negocia\u00e7\u00e3o | Windsor Brokers\",\"isPartOf\":{\"@id\":\"https:\\\/\\\/maintestdev.windsorbrokers.com\\\/#website\"},\"primaryImageOfPage\":{\"@id\":\"https:\\\/\\\/maintestdev.windsorbrokers.com\\\/pt-br\\\/trading-courses\\\/#primaryimage\"},\"image\":{\"@id\":\"https:\\\/\\\/maintestdev.windsorbrokers.com\\\/pt-br\\\/trading-courses\\\/#primaryimage\"},\"thumbnailUrl\":\"https:\\\/\\\/maintestdev.windsorbrokers.com\\\/wp-content\\\/uploads\\\/2025\\\/07\\\/Feature-Image-1.png\",\"datePublished\":\"2025-05-27T14:23:39+00:00\",\"dateModified\":\"2025-08-11T11:34:39+00:00\",\"description\":\"Domine as negocia\u00e7\u00f5es com os cursos feitos sob medida pela Windsor Brokers. Desenvolva habilidades, adquira confian\u00e7a e enfrente os mercados globais com a orienta\u00e7\u00e3o de especialistas.\",\"breadcrumb\":{\"@id\":\"https:\\\/\\\/maintestdev.windsorbrokers.com\\\/pt-br\\\/trading-courses\\\/#breadcrumb\"},\"inLanguage\":\"pt-BR\",\"potentialAction\":[{\"@type\":\"ReadAction\",\"target\":[\"https:\\\/\\\/maintestdev.windsorbrokers.com\\\/pt-br\\\/trading-courses\\\/\"]}]},{\"@type\":\"ImageObject\",\"inLanguage\":\"pt-BR\",\"@id\":\"https:\\\/\\\/maintestdev.windsorbrokers.com\\\/pt-br\\\/trading-courses\\\/#primaryimage\",\"url\":\"https:\\\/\\\/maintestdev.windsorbrokers.com\\\/wp-content\\\/uploads\\\/2025\\\/07\\\/Feature-Image-1.png\",\"contentUrl\":\"https:\\\/\\\/maintestdev.windsorbrokers.com\\\/wp-content\\\/uploads\\\/2025\\\/07\\\/Feature-Image-1.png\",\"width\":1200,\"height\":630},{\"@type\":\"BreadcrumbList\",\"@id\":\"https:\\\/\\\/maintestdev.windsorbrokers.com\\\/pt-br\\\/trading-courses\\\/#breadcrumb\",\"itemListElement\":[{\"@type\":\"ListItem\",\"position\":1,\"name\":\"Home\",\"item\":\"https:\\\/\\\/maintestdev.windsorbrokers.com\\\/pt-br\\\/\"},{\"@type\":\"ListItem\",\"position\":2,\"name\":\"Trading Courses\"}]},{\"@type\":\"WebSite\",\"@id\":\"https:\\\/\\\/maintestdev.windsorbrokers.com\\\/#website\",\"url\":\"https:\\\/\\\/maintestdev.windsorbrokers.com\\\/\",\"name\":\"CFDs on FX, Stocks & More\",\"description\":\"\",\"publisher\":{\"@id\":\"https:\\\/\\\/maintestdev.windsorbrokers.com\\\/#organization\"},\"potentialAction\":[{\"@type\":\"SearchAction\",\"target\":{\"@type\":\"EntryPoint\",\"urlTemplate\":\"https:\\\/\\\/maintestdev.windsorbrokers.com\\\/?s={search_term_string}\"},\"query-input\":{\"@type\":\"PropertyValueSpecification\",\"valueRequired\":true,\"valueName\":\"search_term_string\"}}],\"inLanguage\":\"pt-BR\"},{\"@type\":\"Organization\",\"@id\":\"https:\\\/\\\/maintestdev.windsorbrokers.com\\\/#organization\",\"name\":\"CFDs on FX, Stocks & More\",\"url\":\"https:\\\/\\\/maintestdev.windsorbrokers.com\\\/\",\"logo\":{\"@type\":\"ImageObject\",\"inLanguage\":\"pt-BR\",\"@id\":\"https:\\\/\\\/maintestdev.windsorbrokers.com\\\/#\\\/schema\\\/logo\\\/image\\\/\",\"url\":\"https:\\\/\\\/maintestdev.windsorbrokers.com\\\/wp-content\\\/uploads\\\/2022\\\/07\\\/WB-icon.png\",\"contentUrl\":\"https:\\\/\\\/maintestdev.windsorbrokers.com\\\/wp-content\\\/uploads\\\/2022\\\/07\\\/WB-icon.png\",\"width\":172,\"height\":116,\"caption\":\"CFDs on FX, Stocks & More\"},\"image\":{\"@id\":\"https:\\\/\\\/maintestdev.windsorbrokers.com\\\/#\\\/schema\\\/logo\\\/image\\\/\"}}]}<\/script>\n<!-- \/ Yoast SEO plugin. -->","yoast_head_json":{"title":"Cursos de Negocia\u00e7\u00e3o | Windsor Brokers","description":"Domine as negocia\u00e7\u00f5es com os cursos feitos sob medida pela Windsor Brokers. Desenvolva habilidades, adquira confian\u00e7a e enfrente os mercados globais com a orienta\u00e7\u00e3o de especialistas.","robots":{"index":"index","follow":"follow","max-snippet":"max-snippet:-1","max-image-preview":"max-image-preview:large","max-video-preview":"max-video-preview:-1"},"og_locale":"pt_BR","og_type":"article","og_title":"Cursos de Negocia\u00e7\u00e3o | Windsor Brokers","og_description":"Domine as negocia\u00e7\u00f5es com os cursos feitos sob medida pela Windsor Brokers. Desenvolva habilidades, adquira confian\u00e7a e enfrente os mercados globais com a orienta\u00e7\u00e3o de especialistas.","og_url":"https:\/\/maintestdev.windsorbrokers.com\/pt-br\/trading-courses\/","og_site_name":"CFDs on FX, Stocks &amp; More","article_modified_time":"2025-08-11T11:34:39+00:00","og_image":[{"width":1200,"height":630,"url":"https:\/\/maintestdev.windsorbrokers.com\/wp-content\/uploads\/2025\/07\/Feature-Image-1.png","type":"image\/png"}],"twitter_card":"summary_large_image","twitter_image":"https:\/\/maintestdev.windsorbrokers.com\/wp-content\/uploads\/2025\/07\/Feature-Image-1.png","twitter_misc":{"Est. tempo de leitura":"1 minuto"},"schema":{"@context":"https:\/\/schema.org","@graph":[{"@type":"WebPage","@id":"https:\/\/maintestdev.windsorbrokers.com\/pt-br\/trading-courses\/","url":"https:\/\/maintestdev.windsorbrokers.com\/pt-br\/trading-courses\/","name":"Cursos de Negocia\u00e7\u00e3o | Windsor Brokers","isPartOf":{"@id":"https:\/\/maintestdev.windsorbrokers.com\/#website"},"primaryImageOfPage":{"@id":"https:\/\/maintestdev.windsorbrokers.com\/pt-br\/trading-courses\/#primaryimage"},"image":{"@id":"https:\/\/maintestdev.windsorbrokers.com\/pt-br\/trading-courses\/#primaryimage"},"thumbnailUrl":"https:\/\/maintestdev.windsorbrokers.com\/wp-content\/uploads\/2025\/07\/Feature-Image-1.png","datePublished":"2025-05-27T14:23:39+00:00","dateModified":"2025-08-11T11:34:39+00:00","description":"Domine as negocia\u00e7\u00f5es com os cursos feitos sob medida pela Windsor Brokers. Desenvolva habilidades, adquira confian\u00e7a e enfrente os mercados globais com a orienta\u00e7\u00e3o de especialistas.","breadcrumb":{"@id":"https:\/\/maintestdev.windsorbrokers.com\/pt-br\/trading-courses\/#breadcrumb"},"inLanguage":"pt-BR","potentialAction":[{"@type":"ReadAction","target":["https:\/\/maintestdev.windsorbrokers.com\/pt-br\/trading-courses\/"]}]},{"@type":"ImageObject","inLanguage":"pt-BR","@id":"https:\/\/maintestdev.windsorbrokers.com\/pt-br\/trading-courses\/#primaryimage","url":"https:\/\/maintestdev.windsorbrokers.com\/wp-content\/uploads\/2025\/07\/Feature-Image-1.png","contentUrl":"https:\/\/maintestdev.windsorbrokers.com\/wp-content\/uploads\/2025\/07\/Feature-Image-1.png","width":1200,"height":630},{"@type":"BreadcrumbList","@id":"https:\/\/maintestdev.windsorbrokers.com\/pt-br\/trading-courses\/#breadcrumb","itemListElement":[{"@type":"ListItem","position":1,"name":"Home","item":"https:\/\/maintestdev.windsorbrokers.com\/pt-br\/"},{"@type":"ListItem","position":2,"name":"Trading Courses"}]},{"@type":"WebSite","@id":"https:\/\/maintestdev.windsorbrokers.com\/#website","url":"https:\/\/maintestdev.windsorbrokers.com\/","name":"CFDs on FX, Stocks & More","description":"","publisher":{"@id":"https:\/\/maintestdev.windsorbrokers.com\/#organization"},"potentialAction":[{"@type":"SearchAction","target":{"@type":"EntryPoint","urlTemplate":"https:\/\/maintestdev.windsorbrokers.com\/?s={search_term_string}"},"query-input":{"@type":"PropertyValueSpecification","valueRequired":true,"valueName":"search_term_string"}}],"inLanguage":"pt-BR"},{"@type":"Organization","@id":"https:\/\/maintestdev.windsorbrokers.com\/#organization","name":"CFDs on FX, Stocks & More","url":"https:\/\/maintestdev.windsorbrokers.com\/","logo":{"@type":"ImageObject","inLanguage":"pt-BR","@id":"https:\/\/maintestdev.windsorbrokers.com\/#\/schema\/logo\/image\/","url":"https:\/\/maintestdev.windsorbrokers.com\/wp-content\/uploads\/2022\/07\/WB-icon.png","contentUrl":"https:\/\/maintestdev.windsorbrokers.com\/wp-content\/uploads\/2022\/07\/WB-icon.png","width":172,"height":116,"caption":"CFDs on FX, Stocks & More"},"image":{"@id":"https:\/\/maintestdev.windsorbrokers.com\/#\/schema\/logo\/image\/"}}]}},"_links":{"self":[{"href":"https:\/\/maintestdev.windsorbrokers.com\/pt-br\/wp-json\/wp\/v2\/pages\/113258","targetHints":{"allow":["GET"]}}],"collection":[{"href":"https:\/\/maintestdev.windsorbrokers.com\/pt-br\/wp-json\/wp\/v2\/pages"}],"about":[{"href":"https:\/\/maintestdev.windsorbrokers.com\/pt-br\/wp-json\/wp\/v2\/types\/page"}],"author":[{"embeddable":true,"href":"https:\/\/maintestdev.windsorbrokers.com\/pt-br\/wp-json\/wp\/v2\/users\/6"}],"replies":[{"embeddable":true,"href":"https:\/\/maintestdev.windsorbrokers.com\/pt-br\/wp-json\/wp\/v2\/comments?post=113258"}],"version-history":[{"count":0,"href":"https:\/\/maintestdev.windsorbrokers.com\/pt-br\/wp-json\/wp\/v2\/pages\/113258\/revisions"}],"up":[{"embeddable":true,"href":"https:\/\/maintestdev.windsorbrokers.com\/pt-br\/wp-json\/wp\/v2\/pages\/113270"}],"wp:featuredmedia":[{"embeddable":true,"href":"https:\/\/maintestdev.windsorbrokers.com\/pt-br\/wp-json\/wp\/v2\/media\/105337"}],"wp:attachment":[{"href":"https:\/\/maintestdev.windsorbrokers.com\/pt-br\/wp-json\/wp\/v2\/media?parent=113258"}],"curies":[{"name":"wp","href":"https:\/\/api.w.org\/{rel}","templated":true}]}}